{"id":162,"date":"2023-03-04T13:58:58","date_gmt":"2023-03-04T12:58:58","guid":{"rendered":"https:\/\/www.metodcrea.org\/?page_id=162"},"modified":"2024-05-03T10:26:53","modified_gmt":"2024-05-03T08:26:53","slug":"lassociation","status":"publish","type":"page","link":"https:\/\/www.metodcrea.org\/index.php\/lassociation\/","title":{"rendered":"L&rsquo;association"},"content":{"rendered":"\n<p><strong>Metod Cr\u00e9a est n\u00e9e en 1980 \u00e0 partir d&rsquo;une m\u00e9thodologie d&rsquo;analyse de travail et d&rsquo;\u00e9laboration de l&rsquo;exp\u00e9rience. Quarante ans plus tard, elle se transforme en un laboratoire de cr\u00e9ativit\u00e9 et de recherche.<\/strong><\/p>\n\n\n\n<p>Durant ses quarante premi\u00e8res ann\u00e9es, l&rsquo;association Metod s&rsquo;est appuy\u00e9e sur la M\u00e9thode de l&rsquo;objet technique pour analyser le travail dans sa r\u00e9alit\u00e9 la plus concr\u00e8te.<\/p>\n\n\n\n<p>Metod s&rsquo;est appuy\u00e9e pour cela sur les travaux de Michel Marcon (voir le <a href=\"https:\/\/www.metodcrea.org\/index.php\/objet-technique-et-formation-dadulte\/\">texte r\u00e9f\u00e9rence<\/a>).<\/p>\n\n\n\n<p>Dans les ann\u00e9es 2010, l&rsquo;association s&rsquo;est s\u00e9par\u00e9e de son activit\u00e9 commerciale en cr\u00e9ant une entit\u00e9 sp\u00e9cifique et s\u00e9par\u00e9e : <a href=\"https:\/\/metod.org\/\" data-type=\"link\" data-id=\"https:\/\/metod.org\/\" target=\"_blank\" rel=\"noreferrer noopener\">Metod Sarl<\/a>.<\/p>\n\n\n<div class=\"wp-block-image\">\n<figure class=\"alignright size-full\"><a href=\"https:\/\/metod.org\/\" target=\"_blank\" rel=\"noreferrer noopener\"><img loading=\"lazy\" decoding=\"async\" width=\"350\" height=\"150\" src=\"https:\/\/www.metodcrea.org\/wp-content\/uploads\/2023\/02\/logo-metod-e1676797556747.png\" alt=\"\" class=\"wp-image-72\" srcset=\"https:\/\/www.metodcrea.org\/wp-content\/uploads\/2023\/02\/logo-metod-e1676797556747.png 350w, https:\/\/www.metodcrea.org\/wp-content\/uploads\/2023\/02\/logo-metod-e1676797556747-300x129.png 300w\" sizes=\"auto, (max-width: 350px) 100vw, 350px\" \/><\/a><\/figure>\n<\/div>\n\n\n<p>Cette soci\u00e9t\u00e9 s&rsquo;est particuli\u00e8rement d\u00e9velopp\u00e9e dans le domaine des bilans de comp\u00e9tences. Plac\u00e9e sous le signe de la psychologie du travail, elle accompagne salari\u00e9s et demandeurs d&#8217;emploi dans leurs projets de reconversion professionnelle.<\/p>\n\n\n\n<p>Lib\u00e9r\u00e9e des contraintes commerciales, l&rsquo;association a chang\u00e9 de nom pour marquer sa sp\u00e9cificit\u00e9, la cr\u00e9ativit\u00e9.<\/p>\n\n\n\n<p>Metod Cr\u00e9a s&rsquo;ancre d\u00e9sormais dans la recherche, la cr\u00e9ativit\u00e9 et l&rsquo;\u00e9dition.<\/p>\n","protected":false},"excerpt":{"rendered":"<p>Metod Cr\u00e9a est n\u00e9e en 1980 \u00e0 partir d&rsquo;une m\u00e9thodologie d&rsquo;analyse de travail et d&rsquo;\u00e9laboration de l&rsquo;exp\u00e9rience. Quarante ans plus tard, elle se transforme en un laboratoire de cr\u00e9ativit\u00e9 et de recherche. Durant ses quarante premi\u00e8res ann\u00e9es, l&rsquo;association Metod s&rsquo;est appuy\u00e9e sur la M\u00e9thode de l&rsquo;objet technique pour analyser le travail dans sa r\u00e9alit\u00e9 la plus concr\u00e8te. Metod s&rsquo;est appuy\u00e9e pour cela sur les travaux de Michel Marcon (voir le texte r\u00e9f\u00e9rence). Dans les ann\u00e9es 2010, l&rsquo;association s&rsquo;est s\u00e9par\u00e9e de son activit\u00e9 commerciale en cr\u00e9ant une entit\u00e9 sp\u00e9cifique et s\u00e9par\u00e9e : Metod Sarl. Cette soci\u00e9t\u00e9 s&rsquo;est particuli\u00e8rement d\u00e9velopp\u00e9e dans le domaine des bilans de comp\u00e9tences. Plac\u00e9e sous le signe de la psychologie du travail, elle accompagne salari\u00e9s et demandeurs d&#8217;emploi dans leurs projets de reconversion professionnelle. Lib\u00e9r\u00e9e des contraintes commerciales, l&rsquo;association a chang\u00e9 de nom pour marquer sa sp\u00e9cificit\u00e9, la cr\u00e9ativit\u00e9. Metod Cr\u00e9a s&rsquo;ancre d\u00e9sormais dans la recherche, la cr\u00e9ativit\u00e9 et l&rsquo;\u00e9dition.<\/p>\n","protected":false},"author":1,"featured_media":0,"parent":0,"menu_order":0,"comment_status":"closed","ping_status":"closed","template":"","meta":{"footnotes":""},"class_list":["post-162","page","type-page","status-publish","hentry"],"_links":{"self":[{"href":"https:\/\/www.metodcrea.org\/index.php\/wp-json\/wp\/v2\/pages\/162","targetHints":{"allow":["GET"]}}],"collection":[{"href":"https:\/\/www.metodcrea.org\/index.php\/wp-json\/wp\/v2\/pages"}],"about":[{"href":"https:\/\/www.metodcrea.org\/index.php\/wp-json\/wp\/v2\/types\/page"}],"author":[{"embeddable":true,"href":"https:\/\/www.metodcrea.org\/index.php\/wp-json\/wp\/v2\/users\/1"}],"replies":[{"embeddable":true,"href":"https:\/\/www.metodcrea.org\/index.php\/wp-json\/wp\/v2\/comments?post=162"}],"version-history":[{"count":4,"href":"https:\/\/www.metodcrea.org\/index.php\/wp-json\/wp\/v2\/pages\/162\/revisions"}],"predecessor-version":[{"id":295,"href":"https:\/\/www.metodcrea.org\/index.php\/wp-json\/wp\/v2\/pages\/162\/revisions\/295"}],"wp:attachment":[{"href":"https:\/\/www.metodcrea.org\/index.php\/wp-json\/wp\/v2\/media?parent=162"}],"curies":[{"name":"wp","href":"https:\/\/api.w.org\/{rel}","templated":true}]}}