{"id":197,"date":"2023-03-08T16:42:55","date_gmt":"2023-03-08T15:42:55","guid":{"rendered":"https:\/\/www.metodcrea.org\/?page_id=197"},"modified":"2024-05-03T10:37:01","modified_gmt":"2024-05-03T08:37:01","slug":"40-ans-de-recherche-action-en-psychologie-du-travail","status":"publish","type":"page","link":"https:\/\/www.metodcrea.org\/index.php\/40-ans-de-recherche-action-en-psychologie-du-travail\/","title":{"rendered":"40 ans de recherche action en psychologie du travail"},"content":{"rendered":"\n<p><strong>Metod a \u00e9t\u00e9 cr\u00e9\u00e9e en 1980 pour mettre en place une r\u00e9flexion et une pratique de la m\u00e9thode de l&rsquo;objet technique<\/strong>.<\/p>\n\n\n\n<p><a href=\"https:\/\/www.metodcrea.org\/index.php\/la-methode-de-lobjet-technique\/\">Pour d\u00e9couvrir les principes th\u00e9oriques.<\/a><\/p>\n\n\n\n<p><a href=\"https:\/\/www.metodcrea.org\/index.php\/developper-le-dialogue-social-technologique-au-travail-avec-lanact\/\">Pour suivre une pratique adapt\u00e9e<\/a>.<\/p>\n\n\n\n<p><a href=\"https:\/\/www.metodcrea.org\/index.php\/objet-technique-et-formation-dadulte\/\">Pour t\u00e9l\u00e9charger le texte r\u00e9f\u00e9rence.<\/a><\/p>\n","protected":false},"excerpt":{"rendered":"<p>Metod a \u00e9t\u00e9 cr\u00e9\u00e9e en 1980 pour mettre en place une r\u00e9flexion et une pratique de la m\u00e9thode de l&rsquo;objet technique. Pour d\u00e9couvrir les principes th\u00e9oriques. Pour suivre une pratique adapt\u00e9e. Pour t\u00e9l\u00e9charger le texte r\u00e9f\u00e9rence.<\/p>\n","protected":false},"author":1,"featured_media":0,"parent":0,"menu_order":0,"comment_status":"closed","ping_status":"closed","template":"","meta":{"footnotes":""},"class_list":["post-197","page","type-page","status-publish","hentry"],"_links":{"self":[{"href":"https:\/\/www.metodcrea.org\/index.php\/wp-json\/wp\/v2\/pages\/197","targetHints":{"allow":["GET"]}}],"collection":[{"href":"https:\/\/www.metodcrea.org\/index.php\/wp-json\/wp\/v2\/pages"}],"about":[{"href":"https:\/\/www.metodcrea.org\/index.php\/wp-json\/wp\/v2\/types\/page"}],"author":[{"embeddable":true,"href":"https:\/\/www.metodcrea.org\/index.php\/wp-json\/wp\/v2\/users\/1"}],"replies":[{"embeddable":true,"href":"https:\/\/www.metodcrea.org\/index.php\/wp-json\/wp\/v2\/comments?post=197"}],"version-history":[{"count":6,"href":"https:\/\/www.metodcrea.org\/index.php\/wp-json\/wp\/v2\/pages\/197\/revisions"}],"predecessor-version":[{"id":297,"href":"https:\/\/www.metodcrea.org\/index.php\/wp-json\/wp\/v2\/pages\/197\/revisions\/297"}],"wp:attachment":[{"href":"https:\/\/www.metodcrea.org\/index.php\/wp-json\/wp\/v2\/media?parent=197"}],"curies":[{"name":"wp","href":"https:\/\/api.w.org\/{rel}","templated":true}]}}