{"id":280,"date":"2024-05-03T10:14:59","date_gmt":"2024-05-03T08:14:59","guid":{"rendered":"https:\/\/www.metodcrea.org\/?page_id=280"},"modified":"2024-05-28T14:29:04","modified_gmt":"2024-05-28T12:29:04","slug":"la-methode-de-lobjet-technique-reprendre-la-main-sur-lactivite","status":"publish","type":"page","link":"https:\/\/www.metodcrea.org\/index.php\/la-methode-de-lobjet-technique-reprendre-la-main-sur-lactivite\/","title":{"rendered":"La m\u00e9thode de l&rsquo;objet technique. Reprendre la main sur l&rsquo;activit\u00e9"},"content":{"rendered":"\n<p><strong>Un nouvel ouvrage r\u00e9f\u00e9rence sur la m\u00e9thode de l&rsquo;objet technique aux Editions Octares<\/strong>. <\/p>\n\n\n\n<p><strong>Sabrina Rouat, Professeure de Psychologie du travail et des organisations \u00e0 l&rsquo;Universit\u00e9 Lumi\u00e8re Lyon 2, nous en fait la pr\u00e9sentation en vid\u00e9o depuis sa chaine ResPTO.<\/strong><\/p>\n\n\n<div class=\"wp-block-image\">\n<figure class=\"alignright size-full\"><img loading=\"lazy\" decoding=\"async\" width=\"450\" height=\"596\" src=\"https:\/\/www.metodcrea.org\/wp-content\/uploads\/2024\/05\/la-methode-de-lobjet-technique-reprendre-la-main-sur-lactivite.jpg\" alt=\"\" class=\"wp-image-281\" srcset=\"https:\/\/www.metodcrea.org\/wp-content\/uploads\/2024\/05\/la-methode-de-lobjet-technique-reprendre-la-main-sur-lactivite.jpg 450w, https:\/\/www.metodcrea.org\/wp-content\/uploads\/2024\/05\/la-methode-de-lobjet-technique-reprendre-la-main-sur-lactivite-227x300.jpg 227w\" sizes=\"auto, (max-width: 450px) 100vw, 450px\" \/><\/figure>\n<\/div>\n\n\n<p>Cet ouvrage, dirig\u00e9 par \u00c9lisabeth Leblanc et Sabrina&nbsp;Rouat, Thierry Gaubert et Bruno Cuvillier, est le fruit d\u2019un compagnonnage construit sur une exp\u00e9rience de transmission&nbsp;d\u2019un des fondateurs de la M\u00e9thode de l\u2019objet technique.<\/p>\n\n\n\n<p>La M\u00e9thode, \u00e9prouv\u00e9e en pratique depuis plus de 30 ans, initialement dans le champ de la formation des adultes, sera progressivement utilis\u00e9e pour r\u00e9pondre \u00e0 des demandes en lien avec&nbsp;des probl\u00e9matiques socio-organisationnelles et sociotechniques qui transforment les conditions de travail et d\u00e9veloppent le pouvoir d\u2019agir individuel et collectif sur l\u2019activit\u00e9.&nbsp;<\/p>\n\n\n\n<p>Les&nbsp;r\u00e9sultats et l\u2019\u00e9volution de la m\u00e9thode au fil du temps demandaient une actualisation&nbsp;de ses r\u00e9f\u00e9rentiels th\u00e9oriques et pratiques.<\/p>\n\n\n\n<p><\/p>\n\n\n\n<p>&nbsp;&#8212;&#8212;&#8212;&#8212;&#8212;&#8212;&#8212;&#8212;&#8212;&#8212;&#8212;&#8212;&#8212;&#8212;&#8212;&#8212;&#8212;&#8212;&#8212;&#8212;&#8212;&#8212;&#8212;&#8212;&#8212;&#8212;&#8212;&#8212;&#8212;&#8212;&#8212;&#8212;&#8212;-<\/p>\n\n\n\n<p><strong>Pr\u00e9sentation de Sabrina Rouat, Professeure de Psychologie du travail et des organisations \u00e0 l&rsquo;Universit\u00e9 Lumi\u00e8re Lyon 2<\/strong><\/p>\n\n\n\n<p><\/p>\n\n\n\n<figure class=\"wp-block-embed is-type-video is-provider-youtube wp-block-embed-youtube wp-embed-aspect-16-9 wp-has-aspect-ratio\"><div class=\"wp-block-embed__wrapper\">\n<iframe loading=\"lazy\" title=\"Pr\u00e9sentation d&#039;ouvrage\" width=\"960\" height=\"540\" src=\"https:\/\/www.youtube.com\/embed\/MKLLyirZ2v4?feature=oembed\" frameborder=\"0\" allow=\"accelerometer; autoplay; clipboard-write; encrypted-media; gyroscope; picture-in-picture; web-share\" referrerpolicy=\"strict-origin-when-cross-origin\" allowfullscreen><\/iframe>\n<\/div><\/figure>\n\n\n\n<p><a href=\"https:\/\/www.octares.com\/accueil\/307-la-methode-de-lobjet-technique-reprendre-la-main-sur-lactivite.html#:~:text=M%C3%A9thode%20d'%C3%A9laboration%20de%20l,et%20en%20les%20mobilisant%20autrement.\" target=\"_blank\" rel=\"noreferrer noopener\">A commander chez l&rsquo;\u00e9diteur Octares<\/a><\/p>\n","protected":false},"excerpt":{"rendered":"<p>Un nouvel ouvrage r\u00e9f\u00e9rence sur la m\u00e9thode de l&rsquo;objet technique aux Editions Octares. Sabrina Rouat, Professeure de Psychologie du travail et des organisations \u00e0 l&rsquo;Universit\u00e9 Lumi\u00e8re Lyon 2, nous en fait la pr\u00e9sentation en vid\u00e9o depuis sa chaine ResPTO. Cet ouvrage, dirig\u00e9 par \u00c9lisabeth Leblanc et Sabrina&nbsp;Rouat, Thierry Gaubert et Bruno Cuvillier, est le fruit d\u2019un compagnonnage construit sur une exp\u00e9rience de transmission&nbsp;d\u2019un des fondateurs de la M\u00e9thode de l\u2019objet technique. La M\u00e9thode, \u00e9prouv\u00e9e en pratique depuis plus de 30 ans, initialement dans le champ de la formation des adultes, sera progressivement utilis\u00e9e pour r\u00e9pondre \u00e0 des demandes en lien avec&nbsp;des probl\u00e9matiques socio-organisationnelles et sociotechniques qui transforment les conditions de travail et d\u00e9veloppent le pouvoir d\u2019agir individuel et collectif sur l\u2019activit\u00e9.&nbsp; Les&nbsp;r\u00e9sultats et l\u2019\u00e9volution de la m\u00e9thode au fil du temps demandaient une actualisation&nbsp;de ses r\u00e9f\u00e9rentiels th\u00e9oriques et pratiques. &nbsp;&#8212;&#8212;&#8212;&#8212;&#8212;&#8212;&#8212;&#8212;&#8212;&#8212;&#8212;&#8212;&#8212;&#8212;&#8212;&#8212;&#8212;&#8212;&#8212;&#8212;&#8212;&#8212;&#8212;&#8212;&#8212;&#8212;&#8212;&#8212;&#8212;&#8212;&#8212;&#8212;&#8212;- Pr\u00e9sentation de Sabrina Rouat, Professeure de Psychologie du travail et des organisations \u00e0 l&rsquo;Universit\u00e9 Lumi\u00e8re Lyon 2 A commander chez l&rsquo;\u00e9diteur Octares<\/p>\n","protected":false},"author":1,"featured_media":0,"parent":0,"menu_order":0,"comment_status":"closed","ping_status":"closed","template":"","meta":{"footnotes":""},"class_list":["post-280","page","type-page","status-publish","hentry"],"_links":{"self":[{"href":"https:\/\/www.metodcrea.org\/index.php\/wp-json\/wp\/v2\/pages\/280","targetHints":{"allow":["GET"]}}],"collection":[{"href":"https:\/\/www.metodcrea.org\/index.php\/wp-json\/wp\/v2\/pages"}],"about":[{"href":"https:\/\/www.metodcrea.org\/index.php\/wp-json\/wp\/v2\/types\/page"}],"author":[{"embeddable":true,"href":"https:\/\/www.metodcrea.org\/index.php\/wp-json\/wp\/v2\/users\/1"}],"replies":[{"embeddable":true,"href":"https:\/\/www.metodcrea.org\/index.php\/wp-json\/wp\/v2\/comments?post=280"}],"version-history":[{"count":15,"href":"https:\/\/www.metodcrea.org\/index.php\/wp-json\/wp\/v2\/pages\/280\/revisions"}],"predecessor-version":[{"id":362,"href":"https:\/\/www.metodcrea.org\/index.php\/wp-json\/wp\/v2\/pages\/280\/revisions\/362"}],"wp:attachment":[{"href":"https:\/\/www.metodcrea.org\/index.php\/wp-json\/wp\/v2\/media?parent=280"}],"curies":[{"name":"wp","href":"https:\/\/api.w.org\/{rel}","templated":true}]}}