{"id":332,"date":"2024-05-03T12:06:12","date_gmt":"2024-05-03T10:06:12","guid":{"rendered":"https:\/\/www.metodcrea.org\/?page_id=332"},"modified":"2024-05-03T12:07:22","modified_gmt":"2024-05-03T10:07:22","slug":"une-restitution-en-schema","status":"publish","type":"page","link":"https:\/\/www.metodcrea.org\/index.php\/une-restitution-en-schema\/","title":{"rendered":"Une restitution en sch\u00e9ma"},"content":{"rendered":"<div class=\"wp-block-image\">\n<figure class=\"alignleft size-full\"><img decoding=\"async\" src=\"https:\/\/www.metodcrea.org\/wp-content\/uploads\/2024\/05\/AMI-MOT-restitution_Page_01.jpg\" alt=\"\" class=\"wp-image-318\"\/><\/figure>\n<\/div>\n\n\n<p><\/p>\n\n\n<div class=\"wp-block-image\">\n<figure class=\"alignright size-full\"><img decoding=\"async\" src=\"https:\/\/www.metodcrea.org\/wp-content\/uploads\/2024\/05\/AMI-MOT-restitution_Page_02.jpg\" alt=\"\" class=\"wp-image-321\"\/><\/figure>\n<\/div>\n\n<div class=\"wp-block-image\">\n<figure class=\"alignleft size-full\"><img loading=\"lazy\" decoding=\"async\" width=\"2560\" height=\"1440\" src=\"https:\/\/www.metodcrea.org\/wp-content\/uploads\/2024\/05\/AMI-MOT-restitution_Page_03-scaled.jpg\" alt=\"\" class=\"wp-image-314\"\/><\/figure>\n<\/div>\n\n\n<p><\/p>\n\n\n<div class=\"wp-block-image\">\n<figure class=\"alignright size-large\"><img loading=\"lazy\" decoding=\"async\" width=\"1024\" height=\"576\" src=\"https:\/\/www.metodcrea.org\/wp-content\/uploads\/2024\/05\/AMI-MOT-restitution_Page_04-1024x576.jpg\" alt=\"\" class=\"wp-image-315\" srcset=\"https:\/\/www.metodcrea.org\/wp-content\/uploads\/2024\/05\/AMI-MOT-restitution_Page_04-1024x576.jpg 1024w, https:\/\/www.metodcrea.org\/wp-content\/uploads\/2024\/05\/AMI-MOT-restitution_Page_04-300x169.jpg 300w\" sizes=\"auto, (max-width: 1024px) 100vw, 1024px\" \/><\/figure>\n<\/div>\n\n\n<p><\/p>\n\n\n\n<figure class=\"wp-block-image size-full\"><img decoding=\"async\" src=\"https:\/\/www.metodcrea.org\/wp-content\/uploads\/2024\/05\/AMI-MOT-restitution_Page_05.jpg\" alt=\"\" class=\"wp-image-316\"\/><\/figure>\n\n\n\n<p><\/p>\n\n\n\n<figure class=\"wp-block-image size-large\"><img loading=\"lazy\" decoding=\"async\" width=\"1024\" height=\"576\" src=\"https:\/\/www.metodcrea.org\/wp-content\/uploads\/2024\/05\/AMI-MOT-restitution_Page_06-1024x576.jpg\" alt=\"\" class=\"wp-image-320\" srcset=\"https:\/\/www.metodcrea.org\/wp-content\/uploads\/2024\/05\/AMI-MOT-restitution_Page_06-1024x576.jpg 1024w, https:\/\/www.metodcrea.org\/wp-content\/uploads\/2024\/05\/AMI-MOT-restitution_Page_06-300x169.jpg 300w, https:\/\/www.metodcrea.org\/wp-content\/uploads\/2024\/05\/AMI-MOT-restitution_Page_06-768x432.jpg 768w, https:\/\/www.metodcrea.org\/wp-content\/uploads\/2024\/05\/AMI-MOT-restitution_Page_06-1536x864.jpg 1536w, https:\/\/www.metodcrea.org\/wp-content\/uploads\/2024\/05\/AMI-MOT-restitution_Page_06-2048x1152.jpg 2048w, https:\/\/www.metodcrea.org\/wp-content\/uploads\/2024\/05\/AMI-MOT-restitution_Page_06-1140x641.jpg 1140w\" sizes=\"auto, (max-width: 1024px) 100vw, 1024px\" \/><\/figure>\n\n\n\n<p><\/p>\n\n\n\n<figure class=\"wp-block-image size-large\"><img loading=\"lazy\" decoding=\"async\" width=\"1024\" height=\"576\" src=\"https:\/\/www.metodcrea.org\/wp-content\/uploads\/2024\/05\/AMI-MOT-restitution_Page_07-1024x576.jpg\" alt=\"\" class=\"wp-image-311\" srcset=\"https:\/\/www.metodcrea.org\/wp-content\/uploads\/2024\/05\/AMI-MOT-restitution_Page_07-1024x576.jpg 1024w, https:\/\/www.metodcrea.org\/wp-content\/uploads\/2024\/05\/AMI-MOT-restitution_Page_07-300x169.jpg 300w, https:\/\/www.metodcrea.org\/wp-content\/uploads\/2024\/05\/AMI-MOT-restitution_Page_07-768x432.jpg 768w, https:\/\/www.metodcrea.org\/wp-content\/uploads\/2024\/05\/AMI-MOT-restitution_Page_07-1536x864.jpg 1536w, https:\/\/www.metodcrea.org\/wp-content\/uploads\/2024\/05\/AMI-MOT-restitution_Page_07-2048x1152.jpg 2048w, https:\/\/www.metodcrea.org\/wp-content\/uploads\/2024\/05\/AMI-MOT-restitution_Page_07-1140x641.jpg 1140w\" sizes=\"auto, (max-width: 1024px) 100vw, 1024px\" \/><\/figure>\n\n\n\n<p><\/p>\n\n\n\n<p><\/p>\n\n\n\n<figure class=\"wp-block-image size-large\"><img loading=\"lazy\" decoding=\"async\" width=\"1024\" height=\"576\" src=\"https:\/\/www.metodcrea.org\/wp-content\/uploads\/2024\/05\/AMI-MOT-restitution_Page_08-1024x576.jpg\" alt=\"\" class=\"wp-image-312\" srcset=\"https:\/\/www.metodcrea.org\/wp-content\/uploads\/2024\/05\/AMI-MOT-restitution_Page_08-1024x576.jpg 1024w, https:\/\/www.metodcrea.org\/wp-content\/uploads\/2024\/05\/AMI-MOT-restitution_Page_08-300x169.jpg 300w, https:\/\/www.metodcrea.org\/wp-content\/uploads\/2024\/05\/AMI-MOT-restitution_Page_08-768x432.jpg 768w, https:\/\/www.metodcrea.org\/wp-content\/uploads\/2024\/05\/AMI-MOT-restitution_Page_08-1536x864.jpg 1536w, https:\/\/www.metodcrea.org\/wp-content\/uploads\/2024\/05\/AMI-MOT-restitution_Page_08-2048x1152.jpg 2048w, https:\/\/www.metodcrea.org\/wp-content\/uploads\/2024\/05\/AMI-MOT-restitution_Page_08-1140x641.jpg 1140w\" sizes=\"auto, (max-width: 1024px) 100vw, 1024px\" \/><\/figure>\n\n\n\n<figure class=\"wp-block-image size-large\"><img loading=\"lazy\" decoding=\"async\" width=\"1024\" height=\"576\" src=\"https:\/\/www.metodcrea.org\/wp-content\/uploads\/2024\/05\/AMI-MOT-restitution_Page_09-1024x576.jpg\" alt=\"\" class=\"wp-image-313\" srcset=\"https:\/\/www.metodcrea.org\/wp-content\/uploads\/2024\/05\/AMI-MOT-restitution_Page_09-1024x576.jpg 1024w, https:\/\/www.metodcrea.org\/wp-content\/uploads\/2024\/05\/AMI-MOT-restitution_Page_09-300x169.jpg 300w, https:\/\/www.metodcrea.org\/wp-content\/uploads\/2024\/05\/AMI-MOT-restitution_Page_09-768x432.jpg 768w, https:\/\/www.metodcrea.org\/wp-content\/uploads\/2024\/05\/AMI-MOT-restitution_Page_09-1536x864.jpg 1536w, https:\/\/www.metodcrea.org\/wp-content\/uploads\/2024\/05\/AMI-MOT-restitution_Page_09-2048x1152.jpg 2048w, https:\/\/www.metodcrea.org\/wp-content\/uploads\/2024\/05\/AMI-MOT-restitution_Page_09-1140x641.jpg 1140w\" sizes=\"auto, (max-width: 1024px) 100vw, 1024px\" \/><\/figure>\n\n\n\n<p><\/p>\n\n\n\n<figure class=\"wp-block-image size-large\"><img loading=\"lazy\" decoding=\"async\" width=\"1024\" height=\"576\" src=\"https:\/\/www.metodcrea.org\/wp-content\/uploads\/2024\/05\/AMI-MOT-restitution_Page_10-1024x576.jpg\" alt=\"\" class=\"wp-image-310\" srcset=\"https:\/\/www.metodcrea.org\/wp-content\/uploads\/2024\/05\/AMI-MOT-restitution_Page_10-1024x576.jpg 1024w, https:\/\/www.metodcrea.org\/wp-content\/uploads\/2024\/05\/AMI-MOT-restitution_Page_10-300x169.jpg 300w\" sizes=\"auto, (max-width: 1024px) 100vw, 1024px\" \/><\/figure>\n\n\n\n<p><\/p>\n\n\n\n<figure class=\"wp-block-image size-large\"><img loading=\"lazy\" decoding=\"async\" width=\"1024\" height=\"576\" src=\"https:\/\/www.metodcrea.org\/wp-content\/uploads\/2024\/05\/AMI-MOT-restitution_Page_11-1024x576.jpg\" alt=\"\" class=\"wp-image-322\" srcset=\"https:\/\/www.metodcrea.org\/wp-content\/uploads\/2024\/05\/AMI-MOT-restitution_Page_11-1024x576.jpg 1024w, https:\/\/www.metodcrea.org\/wp-content\/uploads\/2024\/05\/AMI-MOT-restitution_Page_11-300x169.jpg 300w, https:\/\/www.metodcrea.org\/wp-content\/uploads\/2024\/05\/AMI-MOT-restitution_Page_11-768x432.jpg 768w, https:\/\/www.metodcrea.org\/wp-content\/uploads\/2024\/05\/AMI-MOT-restitution_Page_11-1536x864.jpg 1536w, https:\/\/www.metodcrea.org\/wp-content\/uploads\/2024\/05\/AMI-MOT-restitution_Page_11-2048x1152.jpg 2048w, https:\/\/www.metodcrea.org\/wp-content\/uploads\/2024\/05\/AMI-MOT-restitution_Page_11-1140x641.jpg 1140w\" sizes=\"auto, (max-width: 1024px) 100vw, 1024px\" \/><\/figure>\n\n\n\n<p><\/p>\n\n\n\n<figure class=\"wp-block-image size-full\"><img decoding=\"async\" src=\"https:\/\/www.metodcrea.org\/wp-content\/uploads\/2024\/05\/AMI-MOT-restitution_Page_12.jpg\" alt=\"\" class=\"wp-image-323\"\/><\/figure>\n\n\n\n<p><\/p>\n\n\n\n<figure class=\"wp-block-image size-full is-resized\"><img decoding=\"async\" src=\"https:\/\/www.metodcrea.org\/wp-content\/uploads\/2024\/05\/AMI-MOT-restitution_Page_13.jpg\" alt=\"\" class=\"wp-image-319\" style=\"width:840px;height:auto\"\/><\/figure>\n\n\n\n<p><\/p>\n\n\n\n<figure class=\"wp-block-image size-full\"><img decoding=\"async\" src=\"https:\/\/www.metodcrea.org\/wp-content\/uploads\/2024\/05\/AMI-MOT-restitution_Page_14.jpg\" alt=\"\" class=\"wp-image-317\"\/><\/figure>\n\n\n\n<p><a href=\"https:\/\/www.metodcrea.org\/wp-content\/uploads\/2024\/05\/AMI-MOT-restitution.pdf\" target=\"_blank\" rel=\"noreferrer noopener\">Le document complet en pdf \u00e0 t\u00e9l\u00e9charger<\/a><\/p>\n","protected":false},"excerpt":{"rendered":"<p>Le document complet en pdf \u00e0 t\u00e9l\u00e9charger<\/p>\n","protected":false},"author":1,"featured_media":0,"parent":0,"menu_order":0,"comment_status":"closed","ping_status":"closed","template":"","meta":{"footnotes":""},"class_list":["post-332","page","type-page","status-publish","hentry"],"_links":{"self":[{"href":"https:\/\/www.metodcrea.org\/index.php\/wp-json\/wp\/v2\/pages\/332","targetHints":{"allow":["GET"]}}],"collection":[{"href":"https:\/\/www.metodcrea.org\/index.php\/wp-json\/wp\/v2\/pages"}],"about":[{"href":"https:\/\/www.metodcrea.org\/index.php\/wp-json\/wp\/v2\/types\/page"}],"author":[{"embeddable":true,"href":"https:\/\/www.metodcrea.org\/index.php\/wp-json\/wp\/v2\/users\/1"}],"replies":[{"embeddable":true,"href":"https:\/\/www.metodcrea.org\/index.php\/wp-json\/wp\/v2\/comments?post=332"}],"version-history":[{"count":3,"href":"https:\/\/www.metodcrea.org\/index.php\/wp-json\/wp\/v2\/pages\/332\/revisions"}],"predecessor-version":[{"id":335,"href":"https:\/\/www.metodcrea.org\/index.php\/wp-json\/wp\/v2\/pages\/332\/revisions\/335"}],"wp:attachment":[{"href":"https:\/\/www.metodcrea.org\/index.php\/wp-json\/wp\/v2\/media?parent=332"}],"curies":[{"name":"wp","href":"https:\/\/api.w.org\/{rel}","templated":true}]}}