{"id":345,"date":"2024-05-06T15:37:55","date_gmt":"2024-05-06T13:37:55","guid":{"rendered":"https:\/\/www.metodcrea.org\/?page_id=345"},"modified":"2024-05-06T15:37:56","modified_gmt":"2024-05-06T13:37:56","slug":"la-mot-en-bd","status":"publish","type":"page","link":"https:\/\/www.metodcrea.org\/index.php\/la-mot-en-bd\/","title":{"rendered":"La MOT en BD"},"content":{"rendered":"\n<p><strong>Parce que des dessins et des sch\u00e9mas permettent de mieux s&rsquo;approprier les concepts<\/strong><\/p>\n\n\n\n<p>Une BD a \u00e9t\u00e9 r\u00e9alis\u00e9e par Jahodi Zar-Ayan pour rendre compte de la m\u00e9thode en action :<\/p>\n\n\n\n<div data-wp-interactive=\"core\/file\" class=\"wp-block-file\"><object data-wp-bind--hidden=\"!state.hasPdfPreview\" hidden class=\"wp-block-file__embed\" data=\"https:\/\/www.metodcrea.org\/wp-content\/uploads\/2024\/05\/bdMOT.pdf\" type=\"application\/pdf\" style=\"width:100%;height:600px\" aria-label=\"Contenu embarqu\u00e9 bdMOT.\"><\/object><a id=\"wp-block-file--media-d141bcae-cf6c-4f85-9923-55c3accea604\" href=\"https:\/\/www.metodcrea.org\/wp-content\/uploads\/2024\/05\/bdMOT.pdf\">bdMOT<\/a><a href=\"https:\/\/www.metodcrea.org\/wp-content\/uploads\/2024\/05\/bdMOT.pdf\" class=\"wp-block-file__button wp-element-button\" download aria-describedby=\"wp-block-file--media-d141bcae-cf6c-4f85-9923-55c3accea604\">T\u00e9l\u00e9charger<\/a><\/div>\n","protected":false},"excerpt":{"rendered":"<p>Parce que des dessins et des sch\u00e9mas permettent de mieux s&rsquo;approprier les concepts Une BD a \u00e9t\u00e9 r\u00e9alis\u00e9e par Jahodi Zar-Ayan pour rendre compte de la m\u00e9thode en action :<\/p>\n","protected":false},"author":1,"featured_media":0,"parent":0,"menu_order":0,"comment_status":"closed","ping_status":"closed","template":"","meta":{"footnotes":""},"class_list":["post-345","page","type-page","status-publish","hentry"],"_links":{"self":[{"href":"https:\/\/www.metodcrea.org\/index.php\/wp-json\/wp\/v2\/pages\/345","targetHints":{"allow":["GET"]}}],"collection":[{"href":"https:\/\/www.metodcrea.org\/index.php\/wp-json\/wp\/v2\/pages"}],"about":[{"href":"https:\/\/www.metodcrea.org\/index.php\/wp-json\/wp\/v2\/types\/page"}],"author":[{"embeddable":true,"href":"https:\/\/www.metodcrea.org\/index.php\/wp-json\/wp\/v2\/users\/1"}],"replies":[{"embeddable":true,"href":"https:\/\/www.metodcrea.org\/index.php\/wp-json\/wp\/v2\/comments?post=345"}],"version-history":[{"count":1,"href":"https:\/\/www.metodcrea.org\/index.php\/wp-json\/wp\/v2\/pages\/345\/revisions"}],"predecessor-version":[{"id":346,"href":"https:\/\/www.metodcrea.org\/index.php\/wp-json\/wp\/v2\/pages\/345\/revisions\/346"}],"wp:attachment":[{"href":"https:\/\/www.metodcrea.org\/index.php\/wp-json\/wp\/v2\/media?parent=345"}],"curies":[{"name":"wp","href":"https:\/\/api.w.org\/{rel}","templated":true}]}}