{"id":369,"date":"2024-09-12T10:54:36","date_gmt":"2024-09-12T08:54:36","guid":{"rendered":"https:\/\/www.metodcrea.org\/?page_id=369"},"modified":"2025-06-04T15:38:20","modified_gmt":"2025-06-04T13:38:20","slug":"une-bd-primee","status":"publish","type":"page","link":"https:\/\/www.metodcrea.org\/index.php\/une-bd-primee\/","title":{"rendered":"Une BD prim\u00e9e"},"content":{"rendered":"\n<p>H\u00e9l\u00e8ne Croisard, tr\u00e9sori\u00e8re de Metod Cr\u00e9a, et Daniel Gostanian, pr\u00e9sident, ont r\u00e9alis\u00e9 ensemble une BD pour proposer leur vision du travail en 2050.<\/p>\n\n\n<div class=\"wp-block-image\">\n<figure class=\"alignright size-large is-resized\"><img loading=\"lazy\" decoding=\"async\" width=\"1024\" height=\"329\" src=\"https:\/\/www.metodcrea.org\/wp-content\/uploads\/2024\/09\/avecousans-1024x329.png\" alt=\"\" class=\"wp-image-367\" style=\"width:513px;height:auto\" srcset=\"https:\/\/www.metodcrea.org\/wp-content\/uploads\/2024\/09\/avecousans-1024x329.png 1024w, https:\/\/www.metodcrea.org\/wp-content\/uploads\/2024\/09\/avecousans-300x96.png 300w, https:\/\/www.metodcrea.org\/wp-content\/uploads\/2024\/09\/avecousans-768x247.png 768w, https:\/\/www.metodcrea.org\/wp-content\/uploads\/2024\/09\/avecousans-1536x493.png 1536w, https:\/\/www.metodcrea.org\/wp-content\/uploads\/2024\/09\/avecousans-1140x366.png 1140w, https:\/\/www.metodcrea.org\/wp-content\/uploads\/2024\/09\/avecousans.png 1650w\" sizes=\"auto, (max-width: 1024px) 100vw, 1024px\" \/><\/figure>\n<\/div>\n\n\n<p>Une histoire qui se d\u00e9roule dans un office notarial.<\/p>\n\n\n\n<p>\u00ab\u00a0Avec ou sans\u00a0\u00bb. C&rsquo;est le titre de l&rsquo;histoire. C&rsquo;est la grande question qui se pose avant m\u00eame de travailler : avec ou sans IA&#8230;<\/p>\n\n\n\n<p>Leur travail a \u00e9t\u00e9 prim\u00e9 par la Fondation Positive Future.<\/p>\n\n\n\n<p><\/p>\n\n\n\n<p><\/p>\n\n\n\n<p><\/p>\n\n\n\n<p><\/p>\n\n\n\n<p><\/p>\n\n\n\n<p><\/p>\n\n\n\n<p>La BD en pdf : <\/p>\n\n\n\n<div data-wp-interactive=\"core\/file\" class=\"wp-block-file\"><object data-wp-bind--hidden=\"!state.hasPdfPreview\" hidden class=\"wp-block-file__embed\" data=\"https:\/\/www.metodcrea.org\/wp-content\/uploads\/2025\/06\/Avec-ou-sans.pdf\" type=\"application\/pdf\" style=\"width:100%;height:600px\" aria-label=\"Contenu embarqu\u00e9 Avec-ou-sans.\"><\/object><a id=\"wp-block-file--media-6112552b-3126-43ec-9454-88233fdb986e\" href=\"https:\/\/www.metodcrea.org\/wp-content\/uploads\/2025\/06\/Avec-ou-sans.pdf\">Avec-ou-sans<\/a><a href=\"https:\/\/www.metodcrea.org\/wp-content\/uploads\/2025\/06\/Avec-ou-sans.pdf\" class=\"wp-block-file__button wp-element-button\" download aria-describedby=\"wp-block-file--media-6112552b-3126-43ec-9454-88233fdb986e\">T\u00e9l\u00e9charger<\/a><\/div>\n\n\n\n<p>Et un replay avec tous les laur\u00e9ats : <\/p>\n\n\n\n<figure class=\"wp-block-embed is-type-video is-provider-youtube wp-block-embed-youtube wp-embed-aspect-16-9 wp-has-aspect-ratio\"><div class=\"wp-block-embed__wrapper\">\n<iframe loading=\"lazy\" title=\"Remise des prix du Concours : Et si on imaginait le travail en 2050 ?\" width=\"960\" height=\"540\" src=\"https:\/\/www.youtube.com\/embed\/76KX3lBUZHo?feature=oembed\" frameborder=\"0\" allow=\"accelerometer; autoplay; clipboard-write; encrypted-media; gyroscope; picture-in-picture; web-share\" referrerpolicy=\"strict-origin-when-cross-origin\" allowfullscreen><\/iframe>\n<\/div><\/figure>\n\n\n\n<p><\/p>\n\n\n\n<p><a href=\"https:\/\/www.positive-future.org\/fr\/\" data-type=\"link\" data-id=\"https:\/\/www.positive-future.org\/fr\/\" target=\"_blank\" rel=\"noreferrer noopener\">A d\u00e9couvrir : le site de la fondation.<\/a><\/p>\n\n\n\n<figure class=\"wp-block-image size-large\"><a href=\"https:\/\/www.positive-future.org\/fr\/\"><img loading=\"lazy\" decoding=\"async\" width=\"1024\" height=\"776\" src=\"https:\/\/www.metodcrea.org\/wp-content\/uploads\/2025\/06\/Capture-decran-2025-06-04-a-15.37.50-1024x776.png\" alt=\"\" class=\"wp-image-386\" srcset=\"https:\/\/www.metodcrea.org\/wp-content\/uploads\/2025\/06\/Capture-decran-2025-06-04-a-15.37.50-1024x776.png 1024w, https:\/\/www.metodcrea.org\/wp-content\/uploads\/2025\/06\/Capture-decran-2025-06-04-a-15.37.50-300x227.png 300w, https:\/\/www.metodcrea.org\/wp-content\/uploads\/2025\/06\/Capture-decran-2025-06-04-a-15.37.50-768x582.png 768w, https:\/\/www.metodcrea.org\/wp-content\/uploads\/2025\/06\/Capture-decran-2025-06-04-a-15.37.50-1536x1163.png 1536w, https:\/\/www.metodcrea.org\/wp-content\/uploads\/2025\/06\/Capture-decran-2025-06-04-a-15.37.50-1140x863.png 1140w, https:\/\/www.metodcrea.org\/wp-content\/uploads\/2025\/06\/Capture-decran-2025-06-04-a-15.37.50.png 1904w\" sizes=\"auto, (max-width: 1024px) 100vw, 1024px\" \/><\/a><\/figure>\n","protected":false},"excerpt":{"rendered":"<p>H\u00e9l\u00e8ne Croisard, tr\u00e9sori\u00e8re de Metod Cr\u00e9a, et Daniel Gostanian, pr\u00e9sident, ont r\u00e9alis\u00e9 ensemble une BD pour proposer leur vision du travail en 2050. Une histoire qui se d\u00e9roule dans un office notarial. \u00ab\u00a0Avec ou sans\u00a0\u00bb. C&rsquo;est le titre de l&rsquo;histoire. C&rsquo;est la grande question qui se pose avant m\u00eame de travailler : avec ou sans IA&#8230; Leur travail a \u00e9t\u00e9 prim\u00e9 par la Fondation Positive Future. La BD en pdf : Et un replay avec tous les laur\u00e9ats : A d\u00e9couvrir : le site de la fondation.<\/p>\n","protected":false},"author":1,"featured_media":0,"parent":0,"menu_order":0,"comment_status":"closed","ping_status":"closed","template":"","meta":{"footnotes":""},"class_list":["post-369","page","type-page","status-publish","hentry"],"_links":{"self":[{"href":"https:\/\/www.metodcrea.org\/index.php\/wp-json\/wp\/v2\/pages\/369","targetHints":{"allow":["GET"]}}],"collection":[{"href":"https:\/\/www.metodcrea.org\/index.php\/wp-json\/wp\/v2\/pages"}],"about":[{"href":"https:\/\/www.metodcrea.org\/index.php\/wp-json\/wp\/v2\/types\/page"}],"author":[{"embeddable":true,"href":"https:\/\/www.metodcrea.org\/index.php\/wp-json\/wp\/v2\/users\/1"}],"replies":[{"embeddable":true,"href":"https:\/\/www.metodcrea.org\/index.php\/wp-json\/wp\/v2\/comments?post=369"}],"version-history":[{"count":11,"href":"https:\/\/www.metodcrea.org\/index.php\/wp-json\/wp\/v2\/pages\/369\/revisions"}],"predecessor-version":[{"id":387,"href":"https:\/\/www.metodcrea.org\/index.php\/wp-json\/wp\/v2\/pages\/369\/revisions\/387"}],"wp:attachment":[{"href":"https:\/\/www.metodcrea.org\/index.php\/wp-json\/wp\/v2\/media?parent=369"}],"curies":[{"name":"wp","href":"https:\/\/api.w.org\/{rel}","templated":true}]}}