{"id":389,"date":"2025-12-20T22:07:04","date_gmt":"2025-12-20T21:07:04","guid":{"rendered":"https:\/\/www.metodcrea.org\/?page_id=389"},"modified":"2026-01-12T09:52:58","modified_gmt":"2026-01-12T08:52:58","slug":"melusine","status":"publish","type":"page","link":"https:\/\/www.metodcrea.org\/index.php\/melusine\/","title":{"rendered":"M\u00e9lusine"},"content":{"rendered":"\n<p>Le dernier livre des \u00c9ditions des L\u00f4nes ! Un livre \u00e9crit par Olivier Ponsot, et illustr\u00e9 par son fils Nicolas.<\/p>\n\n\n\n<p>Une histoire \u00e0 entendre, \u00e0 lire et \u00e0 regarder !<\/p>\n\n\n\n<figure class=\"wp-block-image size-large\"><img loading=\"lazy\" decoding=\"async\" width=\"674\" height=\"1024\" src=\"https:\/\/www.metodcrea.org\/wp-content\/uploads\/2025\/12\/une-674x1024.png\" alt=\"\" class=\"wp-image-390\" srcset=\"https:\/\/www.metodcrea.org\/wp-content\/uploads\/2025\/12\/une-674x1024.png 674w, https:\/\/www.metodcrea.org\/wp-content\/uploads\/2025\/12\/une-198x300.png 198w, https:\/\/www.metodcrea.org\/wp-content\/uploads\/2025\/12\/une-768x1166.png 768w, https:\/\/www.metodcrea.org\/wp-content\/uploads\/2025\/12\/une.png 895w\" sizes=\"auto, (max-width: 674px) 100vw, 674px\" \/><\/figure>\n\n\n\n<figure class=\"wp-block-image size-large\"><img loading=\"lazy\" decoding=\"async\" width=\"675\" height=\"1024\" src=\"https:\/\/www.metodcrea.org\/wp-content\/uploads\/2025\/12\/quatrieme-675x1024.png\" alt=\"\" class=\"wp-image-391\" srcset=\"https:\/\/www.metodcrea.org\/wp-content\/uploads\/2025\/12\/quatrieme-675x1024.png 675w, https:\/\/www.metodcrea.org\/wp-content\/uploads\/2025\/12\/quatrieme-198x300.png 198w, https:\/\/www.metodcrea.org\/wp-content\/uploads\/2025\/12\/quatrieme-768x1165.png 768w, https:\/\/www.metodcrea.org\/wp-content\/uploads\/2025\/12\/quatrieme.png 896w\" sizes=\"auto, (max-width: 675px) 100vw, 675px\" \/><\/figure>\n\n\n\n<p>A commander sur <a href=\"https:\/\/www.helloasso.com\/associations\/metod-crea\/boutiques\/livres-1\" data-type=\"link\" data-id=\"https:\/\/www.helloasso.com\/associations\/metod-crea\/boutiques\/livres-1\" target=\"_blank\" rel=\"noreferrer noopener\">HelloAsso<\/a><\/p>\n\n\n\n<p><\/p>\n","protected":false},"excerpt":{"rendered":"<p>Le dernier livre des \u00c9ditions des L\u00f4nes ! Un livre \u00e9crit par Olivier Ponsot, et illustr\u00e9 par son fils Nicolas. Une histoire \u00e0 entendre, \u00e0 lire et \u00e0 regarder ! A commander sur HelloAsso<\/p>\n","protected":false},"author":1,"featured_media":0,"parent":0,"menu_order":0,"comment_status":"closed","ping_status":"closed","template":"","meta":{"footnotes":""},"class_list":["post-389","page","type-page","status-publish","hentry"],"_links":{"self":[{"href":"https:\/\/www.metodcrea.org\/index.php\/wp-json\/wp\/v2\/pages\/389","targetHints":{"allow":["GET"]}}],"collection":[{"href":"https:\/\/www.metodcrea.org\/index.php\/wp-json\/wp\/v2\/pages"}],"about":[{"href":"https:\/\/www.metodcrea.org\/index.php\/wp-json\/wp\/v2\/types\/page"}],"author":[{"embeddable":true,"href":"https:\/\/www.metodcrea.org\/index.php\/wp-json\/wp\/v2\/users\/1"}],"replies":[{"embeddable":true,"href":"https:\/\/www.metodcrea.org\/index.php\/wp-json\/wp\/v2\/comments?post=389"}],"version-history":[{"count":4,"href":"https:\/\/www.metodcrea.org\/index.php\/wp-json\/wp\/v2\/pages\/389\/revisions"}],"predecessor-version":[{"id":404,"href":"https:\/\/www.metodcrea.org\/index.php\/wp-json\/wp\/v2\/pages\/389\/revisions\/404"}],"wp:attachment":[{"href":"https:\/\/www.metodcrea.org\/index.php\/wp-json\/wp\/v2\/media?parent=389"}],"curies":[{"name":"wp","href":"https:\/\/api.w.org\/{rel}","templated":true}]}}