{"id":64,"date":"2023-02-19T09:53:26","date_gmt":"2023-02-19T08:53:26","guid":{"rendered":"https:\/\/www.metodcrea.org\/?page_id=64"},"modified":"2026-01-12T09:59:48","modified_gmt":"2026-01-12T08:59:48","slug":"les-editions-des-lones","status":"publish","type":"page","link":"https:\/\/www.metodcrea.org\/index.php\/les-editions-des-lones\/","title":{"rendered":"Les \u00e9ditions des L\u00f4nes"},"content":{"rendered":"\n<p><strong>A plus de 40 ans, Metod Crea donne naissance \u00e0 une nouvelle maison d&rsquo;\u00e9dition, Les \u00e9ditions des L\u00f4nes. Pr\u00e9sentation du nouveau-n\u00e9<\/strong><\/p>\n\n\n<p>Pourquoi une maison d&rsquo;\u00e9dition ? Pourquoi vouloir \u00e9diter des livres \u00e0 l&rsquo;heure de l&rsquo;Internet tout-puissant,\u00a0 des r\u00e9seaux sociaux envahissants et de l&rsquo;intelligence artificielle.<\/p>\n<p><!-- \/wp:post-content --><!-- wp:paragraph --><\/p>\n<p>Si le livre avait \u00e9t\u00e9 invent\u00e9 apr\u00e8s le web, on aurait trouv\u00e9 l&rsquo;objet r\u00e9volutionnaire. Il ne n\u00e9cessite pas de recharge, n&rsquo;a pas besoin de lithium ni de cobalt, tient dans la main, est fabriqu\u00e9 \u00e0 partir d&rsquo;une mati\u00e8re premi\u00e8re noble et ancienne, le papier&#8230; Et puis, il r\u00e9siste au temps qui passe. Dans quelques d\u00e9cennies, dans mille ans, on pourra encore lire un ouvrage imprim\u00e9 aujourd&rsquo;hui, ou il y a 500 ans. M\u00eame les codex de l&rsquo;antiquit\u00e9 peuvent \u00eatre encore d\u00e9chiffr\u00e9s. On ne peut pas en dire autant des fichiers num\u00e9riques, comme ceux sauvegard\u00e9s sur une disquette 5 pouces et demi ou sur un disque dur qui a une dur\u00e9e de vie qui ne se compte pas en mill\u00e9naire.<\/p>\n<p>Il n&rsquo;y a pas besoin d&rsquo;\u00e9lectronique ni d&rsquo;\u00e9lectricit\u00e9 pour prendre connaissance des informations transmises par les livres.<\/p>\n<p><!-- \/wp:paragraph --><!-- wp:paragraph --><\/p>\n<p>Le livre, objet du futur ? Un lien entre les \u00e9poques, pour le moins<\/p>\n<p><!-- \/wp:paragraph --><!-- wp:paragraph --><\/p>\n<p>Comme les fleuves qui irriguent tout un territoire, un continent, et dont les<br \/>eaux se m\u00ealent aux oc\u00e9ans.<\/p>\n<p><img loading=\"lazy\" decoding=\"async\" class=\"alignright size-medium wp-image-157\" src=\"https:\/\/www.metodcrea.org\/wp-content\/uploads\/2023\/03\/lone3-243x300.jpg\" alt=\"\" width=\"243\" height=\"300\" srcset=\"https:\/\/www.metodcrea.org\/wp-content\/uploads\/2023\/03\/lone3-243x300.jpg 243w, https:\/\/www.metodcrea.org\/wp-content\/uploads\/2023\/03\/lone3.jpg 300w\" sizes=\"auto, (max-width: 243px) 100vw, 243px\" \/><\/p>\n<p><!-- \/wp:paragraph --><!-- wp:paragraph --><\/p>\n<p>Les l\u00f4nes sont les bras secondaires des fleuves de la r\u00e9gion du Rh\u00f4ne et des Alpes. Auparavant on les qualifiait de bras morts. Il en existe dans tous les cours d\u2019eau de la plan\u00e8te, sous d\u2019autres noms. Quand les machines et le progr\u00e8s ne les ont pas fait dispara\u00eetre. Aujourd\u2019hui, les l\u00f4nes reprennent vie partout o\u00f9 la nature retrouve ses droits, o\u00f9 les hommes leur redonnent leur libert\u00e9, qui a pu faire peur si longtemps.<\/p>\n<p><!-- \/wp:paragraph --><!-- wp:paragraph --><\/p>\n<p>Les l\u00f4nes ne meurent pas. Elles sont des espaces de libert\u00e9 le long du Rh\u00f4ne, de la Sa\u00f4ne ou de l&rsquo;Is\u00e8re, qui peuvent reprendre possession de vastes territoire. Alors, il aura \u00e9t\u00e9 pr\u00e9f\u00e9rable de ne pas avoir urbanis\u00e9 ces terrains&#8230;<\/p>\n<p><!-- \/wp:paragraph --><!-- wp:paragraph --><\/p>\n<p><img loading=\"lazy\" decoding=\"async\" class=\"alignleft size-full wp-image-156\" src=\"https:\/\/www.metodcrea.org\/wp-content\/uploads\/2023\/03\/lone2.jpg\" alt=\"\" width=\"300\" height=\"244\" \/>Notre nouvelle maison d&rsquo;\u00e9dition se veut un espace de libert\u00e9, de cr\u00e9ation et de re-(et r\u00e9-)cr\u00e9ation.<\/p>\n<p><!-- \/wp:paragraph --><!-- wp:paragraph --><\/p>\n<p>Nous allons \u00e9diter des livres \u00e0 notre rythme. Comme l&rsquo;eau qui donne vie \u00e0 la terre, ou pas. Qui se fait oublier, et qui revient, \u00e0 la surprise de tous.<br \/>Ou pas.<\/p>\n<p><!-- \/wp:paragraph --><!-- wp:paragraph --><\/p>\n<p>Quelle sera la ligne \u00e9ditoriale de cette nouvelle maison d&rsquo;\u00e9dition ? Ce ne sera pas une ligne droite, c&rsquo;est s\u00fbr.<\/p>\n<p><!-- \/wp:paragraph --><!-- wp:paragraph --><\/p>\n<p>Comme les rivi\u00e8res, elle serpentera au fil de nos envies, de nos rencontres.<\/p>\n<p>Avec une source premi\u00e8re\u00a0: l\u2019identit\u00e9.<\/p>\n<p>A sa naissance, Metod s\u2019est d\u2019abord consacr\u00e9e au travail. Qui participe \u00e0 donner \u00e0 l&rsquo;\u00eatre humain son identit\u00e9 sociale et personnelle. Une source qui devient toujours plus puissante au long la vie. Et puis qui s\u2019ass\u00e8che.<\/p>\n<p>Depuis les ann\u00e9es 80, nous avons appris qu\u2019il nous fallait trouver d\u2019autres sources d\u2019inspiration pour nous d\u00e9finir. Le travail perdant de sa puissance, dans nos vies, dans nos soci\u00e9t\u00e9s, dans nos \u00e9conomies. Bien souvent, cela se vit dans la souffrance.<\/p>\n<p>Il peut en \u00eatre diff\u00e9remment.<\/p>\n<p>L\u2019id\u00e9e est d\u2019aller explorer ailleurs ce qui pourrait constituer des sources alternatives, des ressources, de l\u2019\u00e9nergie et de l\u2019envie.<\/p>\n<p>Les L\u00f4nes, territoires de libert\u00e9, de cr\u00e9ativit\u00e9, de ressources.<\/p>\n<p><img loading=\"lazy\" decoding=\"async\" class=\"alignleft wp-image-260 size-medium\" src=\"https:\/\/www.metodcrea.org\/wp-content\/uploads\/2024\/05\/CouvABDDLones-209x300.png\" alt=\"\" width=\"209\" height=\"300\" srcset=\"https:\/\/www.metodcrea.org\/wp-content\/uploads\/2024\/05\/CouvABDDLones-209x300.png 209w, https:\/\/www.metodcrea.org\/wp-content\/uploads\/2024\/05\/CouvABDDLones.png 488w\" sizes=\"auto, (max-width: 209px) 100vw, 209px\" \/>Notre premier ouvrage creuse la terre de Bresse, avec le t\u00e9moignage, le r\u00e9cit, le conte d\u2019un petit-fils qui se rappelle son grand-p\u00e8re paysan.<br \/>Pierre-Etienne Dubois est conteur. Marion Savary est illustratrice. Ensemble, ils ont \u00e9crit et illustr\u00e9 notre premier ouvrage, <a href=\"https:\/\/www.metodcrea.org\/index.php\/au-bout-du-doigt\/\"><em><strong>Au bout du doigt<\/strong><\/em><\/a>.<\/p>\n<p>\u00a0<\/p>\n<p>\u00a0<\/p>\n<p>\u00a0<\/p>\n<p>\u00a0<\/p>\n<p>Notre second livre, <a href=\"https:\/\/www.metodcrea.org\/index.php\/melusine\/\">M\u00e9lusine<\/a>, est aussi un livre de conteur, Olivier Ponsot.<\/p>\n<p>Et il est illustr\u00e9 par son fils, Nicolas.<\/p>\n<p>A <a href=\"https:\/\/www.metodcrea.org\/index.php\/melusine\/\">d\u00e9couvrir<\/a>, \u00e0 lire, \u00e0 regarder et \u00e0 \u00e9couter&#8230;<\/p>\n<p><!-- wp:image {\"id\":396,\"width\":\"212px\",\"height\":\"auto\",\"aspectRatio\":\"0.658214898980673\",\"sizeSlug\":\"large\",\"linkDestination\":\"none\",\"align\":\"right\"} --><\/p>\n<figure class=\"wp-block-image alignright size-large is-resized\"><img loading=\"lazy\" decoding=\"async\" width=\"674\" height=\"1024\" class=\"wp-image-396\" style=\"aspect-ratio: 0.658214898980673; width: 212px; height: auto;\" src=\"https:\/\/www.metodcrea.org\/wp-content\/uploads\/2025\/12\/une-1-674x1024.png\" alt=\"\" srcset=\"https:\/\/www.metodcrea.org\/wp-content\/uploads\/2025\/12\/une-1-674x1024.png 674w, https:\/\/www.metodcrea.org\/wp-content\/uploads\/2025\/12\/une-1-198x300.png 198w, https:\/\/www.metodcrea.org\/wp-content\/uploads\/2025\/12\/une-1-768x1166.png 768w, https:\/\/www.metodcrea.org\/wp-content\/uploads\/2025\/12\/une-1.png 895w\" sizes=\"auto, (max-width: 674px) 100vw, 674px\" \/><\/figure>\n<p><!-- \/wp:image --><\/p>","protected":false},"excerpt":{"rendered":"<p>A plus de 40 ans, Metod Crea donne naissance \u00e0 une nouvelle maison d&rsquo;\u00e9dition, Les \u00e9ditions des L\u00f4nes. Pr\u00e9sentation du nouveau-n\u00e9 Pourquoi une maison d&rsquo;\u00e9dition ? Pourquoi vouloir \u00e9diter des livres \u00e0 l&rsquo;heure de l&rsquo;Internet tout-puissant,\u00a0 des r\u00e9seaux sociaux envahissants et de l&rsquo;intelligence artificielle. Si le livre avait \u00e9t\u00e9 invent\u00e9 apr\u00e8s le web, on aurait trouv\u00e9 l&rsquo;objet r\u00e9volutionnaire. Il ne n\u00e9cessite pas de recharge, n&rsquo;a pas besoin de lithium ni de cobalt, tient dans la main, est fabriqu\u00e9 \u00e0 partir d&rsquo;une mati\u00e8re premi\u00e8re noble et ancienne, le papier&#8230; Et puis, il r\u00e9siste au temps qui passe. Dans quelques d\u00e9cennies, dans mille ans, on pourra encore lire un ouvrage imprim\u00e9 aujourd&rsquo;hui, ou il y a 500 ans. M\u00eame les codex de l&rsquo;antiquit\u00e9 peuvent \u00eatre encore d\u00e9chiffr\u00e9s. On ne peut pas en dire autant des fichiers num\u00e9riques, comme ceux sauvegard\u00e9s sur une disquette 5 pouces et demi ou sur un disque dur qui a une dur\u00e9e de vie qui ne se compte pas en mill\u00e9naire. Il n&rsquo;y a pas besoin d&rsquo;\u00e9lectronique ni d&rsquo;\u00e9lectricit\u00e9 pour prendre connaissance des informations transmises par les livres. Le livre, objet du futur ? Un lien entre les \u00e9poques, pour le moins Comme les fleuves qui irriguent tout un territoire, un continent, et dont leseaux se m\u00ealent aux oc\u00e9ans. Les l\u00f4nes sont les bras secondaires des fleuves de la r\u00e9gion du Rh\u00f4ne et des Alpes. Auparavant on les qualifiait de bras morts. Il en existe dans tous les cours d\u2019eau de la plan\u00e8te, sous d\u2019autres noms. Quand les machines et le progr\u00e8s ne les ont pas fait dispara\u00eetre. Aujourd\u2019hui, les l\u00f4nes reprennent vie partout o\u00f9 la nature retrouve ses droits, o\u00f9 les hommes leur redonnent leur libert\u00e9, qui a pu faire peur si longtemps. Les l\u00f4nes ne meurent pas. Elles sont des espaces de libert\u00e9 le long du Rh\u00f4ne, de la Sa\u00f4ne ou de l&rsquo;Is\u00e8re, qui peuvent reprendre possession de vastes territoire. Alors, il aura \u00e9t\u00e9 pr\u00e9f\u00e9rable de ne pas avoir urbanis\u00e9 ces terrains&#8230; Notre nouvelle maison d&rsquo;\u00e9dition se veut un espace de libert\u00e9, de cr\u00e9ation et de re-(et r\u00e9-)cr\u00e9ation. Nous allons \u00e9diter des livres \u00e0 notre rythme. Comme l&rsquo;eau qui donne vie \u00e0 la terre, ou pas. Qui se fait oublier, et qui revient, \u00e0 la surprise de tous.Ou pas. Quelle sera la ligne \u00e9ditoriale de cette nouvelle maison d&rsquo;\u00e9dition ? Ce ne sera pas une ligne droite, c&rsquo;est s\u00fbr. Comme les rivi\u00e8res, elle serpentera au fil de nos envies, de nos rencontres. Avec une source premi\u00e8re\u00a0: l\u2019identit\u00e9. A sa naissance, Metod s\u2019est d\u2019abord consacr\u00e9e au travail. Qui participe \u00e0 donner \u00e0 l&rsquo;\u00eatre humain son identit\u00e9 sociale et personnelle. Une source qui devient toujours plus puissante au long la vie. Et puis qui s\u2019ass\u00e8che. Depuis les ann\u00e9es 80, nous avons appris qu\u2019il nous fallait trouver d\u2019autres sources d\u2019inspiration pour nous d\u00e9finir. Le travail perdant de sa puissance, dans nos vies, dans nos soci\u00e9t\u00e9s, dans nos \u00e9conomies. Bien souvent, cela se vit dans la souffrance. Il peut en \u00eatre diff\u00e9remment. L\u2019id\u00e9e est d\u2019aller explorer ailleurs ce qui pourrait constituer des sources alternatives, des ressources, de l\u2019\u00e9nergie et de l\u2019envie. Les L\u00f4nes, territoires de libert\u00e9, de cr\u00e9ativit\u00e9, de ressources. Notre premier ouvrage creuse la terre de Bresse, avec le t\u00e9moignage, le r\u00e9cit, le conte d\u2019un petit-fils qui se rappelle son grand-p\u00e8re paysan.Pierre-Etienne Dubois est conteur. Marion Savary est illustratrice. Ensemble, ils ont \u00e9crit et illustr\u00e9 notre premier ouvrage, Au bout du doigt. \u00a0 \u00a0 \u00a0 \u00a0 Notre second livre, M\u00e9lusine, est aussi un livre de conteur, Olivier Ponsot. Et il est illustr\u00e9 par son fils, Nicolas. A d\u00e9couvrir, \u00e0 lire, \u00e0 regarder et \u00e0 \u00e9couter&#8230;<\/p>\n","protected":false},"author":1,"featured_media":0,"parent":0,"menu_order":0,"comment_status":"closed","ping_status":"closed","template":"","meta":{"footnotes":""},"class_list":["post-64","page","type-page","status-publish","hentry"],"_links":{"self":[{"href":"https:\/\/www.metodcrea.org\/index.php\/wp-json\/wp\/v2\/pages\/64","targetHints":{"allow":["GET"]}}],"collection":[{"href":"https:\/\/www.metodcrea.org\/index.php\/wp-json\/wp\/v2\/pages"}],"about":[{"href":"https:\/\/www.metodcrea.org\/index.php\/wp-json\/wp\/v2\/types\/page"}],"author":[{"embeddable":true,"href":"https:\/\/www.metodcrea.org\/index.php\/wp-json\/wp\/v2\/users\/1"}],"replies":[{"embeddable":true,"href":"https:\/\/www.metodcrea.org\/index.php\/wp-json\/wp\/v2\/comments?post=64"}],"version-history":[{"count":18,"href":"https:\/\/www.metodcrea.org\/index.php\/wp-json\/wp\/v2\/pages\/64\/revisions"}],"predecessor-version":[{"id":408,"href":"https:\/\/www.metodcrea.org\/index.php\/wp-json\/wp\/v2\/pages\/64\/revisions\/408"}],"wp:attachment":[{"href":"https:\/\/www.metodcrea.org\/index.php\/wp-json\/wp\/v2\/media?parent=64"}],"curies":[{"name":"wp","href":"https:\/\/api.w.org\/{rel}","templated":true}]}}